{"id":23,"date":"2023-04-13T15:23:31","date_gmt":"2023-04-13T18:23:31","guid":{"rendered":"https:\/\/mocambique.co\/hml\/?page_id=23"},"modified":"2026-01-13T21:30:51","modified_gmt":"2026-01-14T00:30:51","slug":"sobre","status":"publish","type":"page","link":"https:\/\/mocambique.co\/en\/sobre\/","title":{"rendered":"About"},"content":{"rendered":"<h4 class=\"wp-block-heading\">About the Production Company<\/h4>\n\n\n\n<div style=\"height:15px\" aria-hidden=\"true\" class=\"wp-block-spacer\"><\/div>\n\n\n\n<p><\/p>\n\n\n\n<p>The <strong>Mo\u00e7ambique Audiovisual<\/strong> was founded by Mauricio Macedo and born from the desire to produce films rooted in cultural aspects from Cear\u00e1 and Northeastern Brazil with one eye looking out over the horizon.<br><br>Entre 2016 e 2017, a empresa organizou mostras de cinema no Centro Drag\u00e3o do Mar de Arte e Cultura em Fortaleza, incluindo &#8220;<strong>Eddie Saeta &#8211; O Cinema Feito com o Cora\u00e7\u00e3o<\/strong>&#8220;, &#8220;<strong>Cinema e Resist\u00eancia<\/strong>&#8221; e &#8220;Cinema em Transe&#8221;.<br><br>In 2019, the production company released \u201c<strong><a href=\"https:\/\/mocambique.co\/en\/projetos\/greta\/\">Greta<\/a><\/strong>\u201d, by Armando Pra\u00e7a, in co-production with Carnaval Filmes and Segredo Filmes, at the 69th edition of the Berlin International Film Festival. The film screened at more than 20 international festivals and won awards such as Best Actor, Best Director, and Best Film at Cine Cear\u00e1 2019.<br><br>Em 2022, a Mo\u00e7ambique lan\u00e7ou dois dos seus primeiros projetos pr\u00f3prios: &#8220;<strong><a href=\"https:\/\/mocambique.co\/en\/projetos\/fortaleza-hotel\/\">Fortaleza Hotel<\/a><\/strong>&#8220;, de Armando Pra\u00e7a, e a s\u00e9rie &#8220;<strong><a href=\"https:\/\/mocambique.co\/en\/projetos\/meninas-do-benfica\/\">Benfica Girls<\/a><\/strong>&#8220;, de Roberta Marques, para a Canal Brasil, da qual a empresa foi coprodutora. Em 2025 lan\u00e7ou \u201c<strong><a href=\"https:\/\/mocambique.co\/en\/projetos\/gloria-e-liberdade\/\">Glory &amp; Freedom<\/a><\/strong>\u201d, by Let\u00edcia Sim\u00f5es, at Olhar de Cinema in Curitiba, and in 2026 it releases and distributes the fiction feature \u201c<strong><a href=\"https:\/\/mocambique.co\/en\/projetos\/foguete\/\">I Built a Rocket Imagining Your Arrival\u200b<\/a><\/strong>\u201d, by Jana\u00edna Marques.<br><br>At the moment, Mo\u00e7ambique is producing two animated feature films: \u201c<strong><a href=\"https:\/\/mocambique.co\/en\/projetos\/os-olhos-do-caranguejo\/\">The Crab's Eyes<\/a><\/strong>\u201d (in pre-production), by Jana\u00edna Marques and Pablo Arellano; and the miniseries \u201c<strong><a href=\"https:\/\/mocambique.co\/en\/projetos\/fortaleza-paraiso\/\">Fortaleza Para\u00edso<\/a><\/strong>\u201d (in post-production) and the animated series \u201c<strong><a href=\"https:\/\/mocambique.co\/en\/projetos\/na-cozinha-do-sitio\/\">O Faz de Conta do S\u00edtio<\/a><\/strong>\u201d (post), both directed by Jana\u00edna Marques and Pablo Arellano. In 2026, the company will also shoot the fiction feature films <strong>\u201cPaul\u00e9rcia\u201d<\/strong> and <strong>\u201cForever Young\u201d<\/strong>.<\/p>\n\n\n\n<div style=\"height:40px\" aria-hidden=\"true\" class=\"wp-block-spacer\"><\/div>\n\n\n\n<figure class=\"wp-block-gallery has-nested-images columns-2 is-cropped wp-block-gallery-1 is-layout-flex wp-block-gallery-is-layout-flex\">\n<figure class=\"wp-block-image size-large\"><img loading=\"lazy\" decoding=\"async\" width=\"546\" height=\"406\" data-id=\"190\" src=\"https:\/\/mocambique.co\/wp-content\/uploads\/2023\/04\/Foto-1-2.png\" alt=\"\" class=\"wp-image-190\" srcset=\"https:\/\/mocambique.co\/wp-content\/uploads\/2023\/04\/Foto-1-2.png 546w, https:\/\/mocambique.co\/wp-content\/uploads\/2023\/04\/Foto-1-2-300x223.png 300w, https:\/\/mocambique.co\/wp-content\/uploads\/2023\/04\/Foto-1-2-16x12.png 16w\" sizes=\"auto, (max-width: 546px) 100vw, 546px\" \/><\/figure>\n\n\n\n<figure class=\"wp-block-image size-large\"><img loading=\"lazy\" decoding=\"async\" width=\"546\" height=\"406\" data-id=\"191\" src=\"https:\/\/mocambique.co\/wp-content\/uploads\/2023\/04\/Foto-2-2.png\" alt=\"\" class=\"wp-image-191\" srcset=\"https:\/\/mocambique.co\/wp-content\/uploads\/2023\/04\/Foto-2-2.png 546w, https:\/\/mocambique.co\/wp-content\/uploads\/2023\/04\/Foto-2-2-300x223.png 300w, https:\/\/mocambique.co\/wp-content\/uploads\/2023\/04\/Foto-2-2-16x12.png 16w\" sizes=\"auto, (max-width: 546px) 100vw, 546px\" \/><\/figure>\n\n\n\n<figure class=\"wp-block-image size-large\"><img loading=\"lazy\" decoding=\"async\" width=\"546\" height=\"406\" data-id=\"192\" src=\"https:\/\/mocambique.co\/wp-content\/uploads\/2023\/04\/Foto-3.png\" alt=\"\" class=\"wp-image-192\" srcset=\"https:\/\/mocambique.co\/wp-content\/uploads\/2023\/04\/Foto-3.png 546w, https:\/\/mocambique.co\/wp-content\/uploads\/2023\/04\/Foto-3-300x223.png 300w, https:\/\/mocambique.co\/wp-content\/uploads\/2023\/04\/Foto-3-16x12.png 16w\" sizes=\"auto, (max-width: 546px) 100vw, 546px\" \/><\/figure>\n\n\n\n<figure class=\"wp-block-image size-large\"><img loading=\"lazy\" decoding=\"async\" width=\"546\" height=\"406\" data-id=\"193\" src=\"https:\/\/mocambique.co\/wp-content\/uploads\/2023\/04\/Foto-4.png\" alt=\"\" class=\"wp-image-193\" srcset=\"https:\/\/mocambique.co\/wp-content\/uploads\/2023\/04\/Foto-4.png 546w, https:\/\/mocambique.co\/wp-content\/uploads\/2023\/04\/Foto-4-300x223.png 300w, https:\/\/mocambique.co\/wp-content\/uploads\/2023\/04\/Foto-4-16x12.png 16w\" sizes=\"auto, (max-width: 546px) 100vw, 546px\" \/><\/figure>\n<\/figure>","protected":false},"excerpt":{"rendered":"<p>Sobre a produtora A Mo\u00e7ambique Audiovisual \u00e9 uma empresa fundada pelo produtor audiovisual Maur\u00edcio Mac\u00eado e nasceu da vontade de fazer cinema de raiz nordestina e cearense, mas com o olhar al\u00e9m do horizonte. Entre 2016 e 2017, a empresa organizou mostras de cinema no Centro Drag\u00e3o do Mar de Arte e Cultura em Fortaleza, [&hellip;]<\/p>","protected":false},"author":1,"featured_media":0,"parent":0,"menu_order":0,"comment_status":"closed","ping_status":"closed","template":"","meta":{"footnotes":""},"class_list":["post-23","page","type-page","status-publish","hentry"],"yoast_head":"<!-- This site is optimized with the Yoast SEO plugin v20.5 - https:\/\/yoast.com\/wordpress\/plugins\/seo\/ -->\n<title>Sobre - Mo\u00e7ambique Audiovisual<\/title>\n<meta name=\"robots\" content=\"index, follow, max-snippet:-1, max-image-preview:large, max-video-preview:-1\" \/>\n<link rel=\"canonical\" href=\"https:\/\/mocambique.co\/en\/sobre\/\" \/>\n<meta property=\"og:locale\" content=\"en_US\" \/>\n<meta property=\"og:type\" content=\"article\" \/>\n<meta property=\"og:title\" content=\"Sobre - Mo\u00e7ambique Audiovisual\" \/>\n<meta property=\"og:description\" content=\"Sobre a produtora A Mo\u00e7ambique Audiovisual \u00e9 uma empresa fundada pelo produtor audiovisual Maur\u00edcio Mac\u00eado e nasceu da vontade de fazer cinema de raiz nordestina e cearense, mas com o olhar al\u00e9m do horizonte. Entre 2016 e 2017, a empresa organizou mostras de cinema no Centro Drag\u00e3o do Mar de Arte e Cultura em Fortaleza, [&hellip;]\" \/>\n<meta property=\"og:url\" content=\"https:\/\/mocambique.co\/en\/sobre\/\" \/>\n<meta property=\"og:site_name\" content=\"Mo\u00e7ambique Audiovisual\" \/>\n<meta property=\"article:modified_time\" content=\"2026-01-14T00:30:51+00:00\" \/>\n<meta property=\"og:image\" content=\"https:\/\/mocambique.co\/wp-content\/uploads\/2023\/04\/Foto-1-2.png\" \/>\n<meta name=\"twitter:card\" content=\"summary_large_image\" \/>\n<meta name=\"twitter:label1\" content=\"Est. reading time\" \/>\n\t<meta name=\"twitter:data1\" content=\"3 minutes\" \/>\n<script type=\"application\/ld+json\" class=\"yoast-schema-graph\">{\"@context\":\"https:\/\/schema.org\",\"@graph\":[{\"@type\":\"WebPage\",\"@id\":\"https:\/\/mocambique.co\/sobre\/\",\"url\":\"https:\/\/mocambique.co\/sobre\/\",\"name\":\"Sobre - Mo\u00e7ambique Audiovisual\",\"isPartOf\":{\"@id\":\"https:\/\/mocambique.co\/#website\"},\"datePublished\":\"2023-04-13T18:23:31+00:00\",\"dateModified\":\"2026-01-14T00:30:51+00:00\",\"breadcrumb\":{\"@id\":\"https:\/\/mocambique.co\/sobre\/#breadcrumb\"},\"inLanguage\":\"en-US\",\"potentialAction\":[{\"@type\":\"ReadAction\",\"target\":[\"https:\/\/mocambique.co\/sobre\/\"]}]},{\"@type\":\"BreadcrumbList\",\"@id\":\"https:\/\/mocambique.co\/sobre\/#breadcrumb\",\"itemListElement\":[{\"@type\":\"ListItem\",\"position\":1,\"name\":\"In\u00edcio\",\"item\":\"https:\/\/mocambique.co\/\"},{\"@type\":\"ListItem\",\"position\":2,\"name\":\"Sobre\"}]},{\"@type\":\"WebSite\",\"@id\":\"https:\/\/mocambique.co\/#website\",\"url\":\"https:\/\/mocambique.co\/\",\"name\":\"Mo\u00e7ambique Audiovisual\",\"description\":\"\",\"potentialAction\":[{\"@type\":\"SearchAction\",\"target\":{\"@type\":\"EntryPoint\",\"urlTemplate\":\"https:\/\/mocambique.co\/?s={search_term_string}\"},\"query-input\":\"required name=search_term_string\"}],\"inLanguage\":\"en-US\"}]}<\/script>\n<!-- \/ Yoast SEO plugin. -->","yoast_head_json":{"title":"Sobre - Mo\u00e7ambique Audiovisual","robots":{"index":"index","follow":"follow","max-snippet":"max-snippet:-1","max-image-preview":"max-image-preview:large","max-video-preview":"max-video-preview:-1"},"canonical":"https:\/\/mocambique.co\/en\/sobre\/","og_locale":"en_US","og_type":"article","og_title":"Sobre - Mo\u00e7ambique Audiovisual","og_description":"Sobre a produtora A Mo\u00e7ambique Audiovisual \u00e9 uma empresa fundada pelo produtor audiovisual Maur\u00edcio Mac\u00eado e nasceu da vontade de fazer cinema de raiz nordestina e cearense, mas com o olhar al\u00e9m do horizonte. Entre 2016 e 2017, a empresa organizou mostras de cinema no Centro Drag\u00e3o do Mar de Arte e Cultura em Fortaleza, [&hellip;]","og_url":"https:\/\/mocambique.co\/en\/sobre\/","og_site_name":"Mo\u00e7ambique Audiovisual","article_modified_time":"2026-01-14T00:30:51+00:00","og_image":[{"url":"https:\/\/mocambique.co\/wp-content\/uploads\/2023\/04\/Foto-1-2.png"}],"twitter_card":"summary_large_image","twitter_misc":{"Est. reading time":"3 minutes"},"schema":{"@context":"https:\/\/schema.org","@graph":[{"@type":"WebPage","@id":"https:\/\/mocambique.co\/sobre\/","url":"https:\/\/mocambique.co\/sobre\/","name":"Sobre - Mo\u00e7ambique Audiovisual","isPartOf":{"@id":"https:\/\/mocambique.co\/#website"},"datePublished":"2023-04-13T18:23:31+00:00","dateModified":"2026-01-14T00:30:51+00:00","breadcrumb":{"@id":"https:\/\/mocambique.co\/sobre\/#breadcrumb"},"inLanguage":"en-US","potentialAction":[{"@type":"ReadAction","target":["https:\/\/mocambique.co\/sobre\/"]}]},{"@type":"BreadcrumbList","@id":"https:\/\/mocambique.co\/sobre\/#breadcrumb","itemListElement":[{"@type":"ListItem","position":1,"name":"In\u00edcio","item":"https:\/\/mocambique.co\/"},{"@type":"ListItem","position":2,"name":"Sobre"}]},{"@type":"WebSite","@id":"https:\/\/mocambique.co\/#website","url":"https:\/\/mocambique.co\/","name":"Mo\u00e7ambique Audiovisual","description":"","potentialAction":[{"@type":"SearchAction","target":{"@type":"EntryPoint","urlTemplate":"https:\/\/mocambique.co\/?s={search_term_string}"},"query-input":"required name=search_term_string"}],"inLanguage":"en-US"}]}},"_links":{"self":[{"href":"https:\/\/mocambique.co\/en\/wp-json\/wp\/v2\/pages\/23","targetHints":{"allow":["GET"]}}],"collection":[{"href":"https:\/\/mocambique.co\/en\/wp-json\/wp\/v2\/pages"}],"about":[{"href":"https:\/\/mocambique.co\/en\/wp-json\/wp\/v2\/types\/page"}],"author":[{"embeddable":true,"href":"https:\/\/mocambique.co\/en\/wp-json\/wp\/v2\/users\/1"}],"replies":[{"embeddable":true,"href":"https:\/\/mocambique.co\/en\/wp-json\/wp\/v2\/comments?post=23"}],"version-history":[{"count":31,"href":"https:\/\/mocambique.co\/en\/wp-json\/wp\/v2\/pages\/23\/revisions"}],"predecessor-version":[{"id":305,"href":"https:\/\/mocambique.co\/en\/wp-json\/wp\/v2\/pages\/23\/revisions\/305"}],"wp:attachment":[{"href":"https:\/\/mocambique.co\/en\/wp-json\/wp\/v2\/media?parent=23"}],"curies":[{"name":"wp","href":"https:\/\/api.w.org\/{rel}","templated":true}]}}